{"id":142,"date":"2025-07-25T20:50:11","date_gmt":"2025-07-25T20:50:11","guid":{"rendered":"https:\/\/mariuszkoziel.pl\/?page_id=142"},"modified":"2025-08-04T17:20:33","modified_gmt":"2025-08-04T17:20:33","slug":"24-czerwca-2024","status":"publish","type":"page","link":"https:\/\/mariuszkoziel.pl\/index.php\/24-czerwca-2024\/","title":{"rendered":"24 czerwca 2025"},"content":{"rendered":"\n<div class=\"wp-block-group has-background is-vertical is-layout-flex wp-container-core-group-is-layout-1a71d7b5 wp-block-group-is-layout-flex\" style=\"background-color:#7d470740;margin-top:0;margin-bottom:0;padding-top:var(--wp--preset--spacing--40);padding-right:var(--wp--preset--spacing--30);padding-bottom:var(--wp--preset--spacing--40);padding-left:var(--wp--preset--spacing--30)\">\n<p>Rotterdam (NL), Laurenskerk<\/p>\n\n\n\n<h2 class=\"wp-block-heading\">Program koncertu:<\/h2>\n\n\n\n<div class=\"wp-block-columns is-layout-flex wp-container-core-columns-is-layout-28f84493 wp-block-columns-is-layout-flex\">\n<div class=\"wp-block-column is-layout-flow wp-block-column-is-layout-flow\" style=\"flex-basis:50%\">\n<p class=\"is-style-default has-medium-font-size\" style=\"padding-top:var(--wp--preset--spacing--40);padding-bottom:var(--wp--preset--spacing--40)\"><strong>W.A. Mozart (1756-1791)<\/strong> &#8211; Adagio and Rondo in C minor KV 617 (tr. J. Guillou)<br><strong>F. Liszt (1811-1886) <\/strong>&#8211; Phantasy and Fugue on &#8222;B-A-C-H&#8221; (version syncr\u00e9tique by J. Guillou)<br><strong>G. Litaize (1909-1991)<\/strong> &#8211; Scherzo&nbsp;<br><strong>M. Durufl\u00e9 (1902-1986<\/strong>) &#8211; Pr\u00e9lude, Adagio et Choral Vari\u00e9 on &#8222;Veni Creator&#8221;<\/p>\n\n\n\n<div style=\"height:100px\" aria-hidden=\"true\" class=\"wp-block-spacer\"><\/div>\n\n\n<div style=\"gap: 20px;\" class=\"align-button-center ub-buttons orientation-button-row ub-flex-wrap wp-block-ub-button\" id=\"ub-button-b96e4f83-feb4-4d37-a417-26197dfcbd3e\"><div class=\"ub-button-container\">\n\t\t\t<a href=\"https:\/\/mariuszkoziel.pl\/index.php\/kalendarz\" target=\"_self\" class=\"ub-button-block-main   ub-button-flex\" role=\"button\" style=\"--ub-button-background-color: #a52a2a; --ub-button-color: #ffffff; --ub-button-border: none; --ub-button-hover-background-color: #4b0101; --ub-button-hover-color: #ffffff; --ub-button-hover-border: none; font-size: 17px; padding-top: 10px; padding-right: 10px; padding-bottom: 10px; padding-left: 10px; border-top-left-radius: 100px;; border-top-right-radius: 100px;; border-bottom-left-radius: 100px;; border-bottom-right-radius: 100px;; \">\n\t\t\t\t<div class=\"ub-button-content-holder\" style=\"flex-direction: row\">\n\t\t\t\t\t<span class=\"ub-button-block-btn\">Powr\u00f3t<\/span>\n\t\t\t\t<\/div>\n\t\t\t<\/a>\n\t\t<\/div><\/div><\/div>\n\n\n\n<div class=\"wp-block-column is-layout-flow wp-block-column-is-layout-flow\" style=\"flex-basis:50%\">\n<figure class=\"wp-block-image aligncenter size-large has-custom-border\"><img loading=\"lazy\" decoding=\"async\" width=\"768\" height=\"1024\" src=\"https:\/\/mariuszkoziel.pl\/wp-content\/uploads\/2025\/07\/IMG-20250531-WA0006-768x1024.jpg\" alt=\"\" class=\"wp-image-144\" style=\"border-width:1px;border-radius:0px;box-shadow:var(--wp--preset--shadow--natural)\" srcset=\"https:\/\/mariuszkoziel.pl\/wp-content\/uploads\/2025\/07\/IMG-20250531-WA0006-768x1024.jpg 768w, https:\/\/mariuszkoziel.pl\/wp-content\/uploads\/2025\/07\/IMG-20250531-WA0006-225x300.jpg 225w, https:\/\/mariuszkoziel.pl\/wp-content\/uploads\/2025\/07\/IMG-20250531-WA0006-1152x1536.jpg 1152w, https:\/\/mariuszkoziel.pl\/wp-content\/uploads\/2025\/07\/IMG-20250531-WA0006.jpg 1536w\" sizes=\"auto, (max-width: 768px) 100vw, 768px\" \/><\/figure>\n<\/div>\n<\/div>\n<\/div>\n","protected":false},"excerpt":{"rendered":"<p>Rotterdam (NL), Laurenskerk Program koncertu: W.A. Mozart (1756-1791) &#8211; Adagio and Rondo in C minor KV 617 (tr. J. Guillou)F. Liszt (1811-1886) &#8211; Phantasy and Fugue on &#8222;B-A-C-H&#8221; (version syncr\u00e9tique by J. Guillou)G. Litaize (1909-1991) &#8211; Scherzo&nbsp;M. Durufl\u00e9 (1902-1986) &#8211; Pr\u00e9lude, Adagio et Choral Vari\u00e9 on &#8222;Veni Creator&#8221;<\/p>\n","protected":false},"author":1,"featured_media":0,"parent":0,"menu_order":0,"comment_status":"closed","ping_status":"closed","template":"","meta":{"footnotes":""},"class_list":["post-142","page","type-page","status-publish","hentry"],"featured_image_src":null,"_links":{"self":[{"href":"https:\/\/mariuszkoziel.pl\/index.php\/wp-json\/wp\/v2\/pages\/142","targetHints":{"allow":["GET"]}}],"collection":[{"href":"https:\/\/mariuszkoziel.pl\/index.php\/wp-json\/wp\/v2\/pages"}],"about":[{"href":"https:\/\/mariuszkoziel.pl\/index.php\/wp-json\/wp\/v2\/types\/page"}],"author":[{"embeddable":true,"href":"https:\/\/mariuszkoziel.pl\/index.php\/wp-json\/wp\/v2\/users\/1"}],"replies":[{"embeddable":true,"href":"https:\/\/mariuszkoziel.pl\/index.php\/wp-json\/wp\/v2\/comments?post=142"}],"version-history":[{"count":9,"href":"https:\/\/mariuszkoziel.pl\/index.php\/wp-json\/wp\/v2\/pages\/142\/revisions"}],"predecessor-version":[{"id":209,"href":"https:\/\/mariuszkoziel.pl\/index.php\/wp-json\/wp\/v2\/pages\/142\/revisions\/209"}],"wp:attachment":[{"href":"https:\/\/mariuszkoziel.pl\/index.php\/wp-json\/wp\/v2\/media?parent=142"}],"curies":[{"name":"wp","href":"https:\/\/api.w.org\/{rel}","templated":true}]}}