{"id":195,"date":"2025-08-04T17:13:29","date_gmt":"2025-08-04T17:13:29","guid":{"rendered":"https:\/\/mariuszkoziel.pl\/?page_id=195"},"modified":"2025-08-04T17:20:23","modified_gmt":"2025-08-04T17:20:23","slug":"9-kwietnia-2025","status":"publish","type":"page","link":"https:\/\/mariuszkoziel.pl\/index.php\/9-kwietnia-2025\/","title":{"rendered":"9 kwietnia 2025"},"content":{"rendered":"\n<div class=\"wp-block-group has-background is-vertical is-layout-flex wp-container-core-group-is-layout-1a71d7b5 wp-block-group-is-layout-flex\" style=\"background-color:#7d470740;margin-top:0;margin-bottom:0;padding-top:var(--wp--preset--spacing--40);padding-right:var(--wp--preset--spacing--30);padding-bottom:var(--wp--preset--spacing--40);padding-left:var(--wp--preset--spacing--30)\">\n<p>Katwijk aan Zee (NL), Nieuwe Kerk<\/p>\n\n\n\n<h2 class=\"wp-block-heading\">Program koncertu:<\/h2>\n\n\n\n<div class=\"wp-block-columns is-layout-flex wp-container-core-columns-is-layout-28f84493 wp-block-columns-is-layout-flex\">\n<div class=\"wp-block-column is-layout-flow wp-block-column-is-layout-flow\" style=\"flex-basis:50%\">\n<p class=\"is-style-default has-medium-font-size\" style=\"padding-top:var(--wp--preset--spacing--40);padding-bottom:var(--wp--preset--spacing--40)\"><strong>J.L. Perrot (*1959)<\/strong> &#8211; <em>Basse de Trompette<\/em> and<em> Grands Jeux<\/em> from <em>Suite \u00e0 quatre mains<\/em> (Organ Duo z Aleksandr\u0105 Gawro\u0144sk\u0105-Kozie\u0142)<br><strong>Improwizacja na 4 r\u0119ce<\/strong> nt. <em>Sous le ciel de Paris<\/em>(Organ duo ze Stevenem Knieriem)<br><strong>Improwizacja na 10 r\u0105k <\/strong>nt. <em>La vie en rose<\/em> (razem z Alis\u0105 Birul\u0105, Ana\u00efs Payerne, Stevenem Knieriem i Maartenem Wilminkiem)<\/p>\n\n\n\n<div style=\"height:100px\" aria-hidden=\"true\" class=\"wp-block-spacer\"><\/div>\n\n\n<div style=\"gap: 20px;\" class=\"align-button-center ub-buttons orientation-button-row ub-flex-wrap wp-block-ub-button\" id=\"ub-button-b52b4c24-655c-4bc7-97c2-3066d211be8c\"><div class=\"ub-button-container\">\n\t\t\t<a href=\"https:\/\/mariuszkoziel.pl\/index.php\/kalendarz\" target=\"_self\" class=\"ub-button-block-main   ub-button-flex\" role=\"button\" style=\"--ub-button-background-color: #a52a2a; --ub-button-color: #ffffff; --ub-button-border: none; --ub-button-hover-background-color: #4b0101; --ub-button-hover-color: #ffffff; --ub-button-hover-border: none; font-size: 17px; padding-top: 10px; padding-right: 10px; padding-bottom: 10px; padding-left: 10px; border-top-left-radius: 100px;; border-top-right-radius: 100px;; border-bottom-left-radius: 100px;; border-bottom-right-radius: 100px;; \">\n\t\t\t\t<div class=\"ub-button-content-holder\" style=\"flex-direction: row\">\n\t\t\t\t\t<span class=\"ub-button-block-btn\">Powr\u00f3t<\/span>\n\t\t\t\t<\/div>\n\t\t\t<\/a>\n\t\t<\/div><\/div><\/div>\n\n\n\n<div class=\"wp-block-column is-layout-flow wp-block-column-is-layout-flow\" style=\"flex-basis:50%\">\n<figure class=\"wp-block-image aligncenter size-large has-custom-border\"><img loading=\"lazy\" decoding=\"async\" width=\"724\" height=\"1024\" src=\"https:\/\/mariuszkoziel.pl\/wp-content\/uploads\/2025\/08\/Poster-ENG-724x1024.png\" alt=\"\" class=\"wp-image-197\" style=\"border-width:1px;border-radius:0px;box-shadow:var(--wp--preset--shadow--natural)\" srcset=\"https:\/\/mariuszkoziel.pl\/wp-content\/uploads\/2025\/08\/Poster-ENG-724x1024.png 724w, https:\/\/mariuszkoziel.pl\/wp-content\/uploads\/2025\/08\/Poster-ENG-212x300.png 212w, https:\/\/mariuszkoziel.pl\/wp-content\/uploads\/2025\/08\/Poster-ENG-768x1086.png 768w, https:\/\/mariuszkoziel.pl\/wp-content\/uploads\/2025\/08\/Poster-ENG-1086x1536.png 1086w, https:\/\/mariuszkoziel.pl\/wp-content\/uploads\/2025\/08\/Poster-ENG-1448x2048.png 1448w, https:\/\/mariuszkoziel.pl\/wp-content\/uploads\/2025\/08\/Poster-ENG-scaled.png 1810w\" sizes=\"auto, (max-width: 724px) 100vw, 724px\" \/><\/figure>\n<\/div>\n<\/div>\n<\/div>\n","protected":false},"excerpt":{"rendered":"<p>Katwijk aan Zee (NL), Nieuwe Kerk Program koncertu: J.L. Perrot (*1959) &#8211; Basse de Trompette and Grands Jeux from Suite \u00e0 quatre mains (Organ Duo z Aleksandr\u0105 Gawro\u0144sk\u0105-Kozie\u0142)Improwizacja na 4 r\u0119ce nt. Sous le ciel de Paris(Organ duo ze Stevenem Knieriem)Improwizacja na 10 r\u0105k nt. La vie en rose (razem z Alis\u0105 Birul\u0105, Ana\u00efs Payerne, [&hellip;]<\/p>\n","protected":false},"author":1,"featured_media":0,"parent":0,"menu_order":0,"comment_status":"closed","ping_status":"closed","template":"","meta":{"footnotes":""},"class_list":["post-195","page","type-page","status-publish","hentry"],"featured_image_src":null,"_links":{"self":[{"href":"https:\/\/mariuszkoziel.pl\/index.php\/wp-json\/wp\/v2\/pages\/195","targetHints":{"allow":["GET"]}}],"collection":[{"href":"https:\/\/mariuszkoziel.pl\/index.php\/wp-json\/wp\/v2\/pages"}],"about":[{"href":"https:\/\/mariuszkoziel.pl\/index.php\/wp-json\/wp\/v2\/types\/page"}],"author":[{"embeddable":true,"href":"https:\/\/mariuszkoziel.pl\/index.php\/wp-json\/wp\/v2\/users\/1"}],"replies":[{"embeddable":true,"href":"https:\/\/mariuszkoziel.pl\/index.php\/wp-json\/wp\/v2\/comments?post=195"}],"version-history":[{"count":2,"href":"https:\/\/mariuszkoziel.pl\/index.php\/wp-json\/wp\/v2\/pages\/195\/revisions"}],"predecessor-version":[{"id":207,"href":"https:\/\/mariuszkoziel.pl\/index.php\/wp-json\/wp\/v2\/pages\/195\/revisions\/207"}],"wp:attachment":[{"href":"https:\/\/mariuszkoziel.pl\/index.php\/wp-json\/wp\/v2\/media?parent=195"}],"curies":[{"name":"wp","href":"https:\/\/api.w.org\/{rel}","templated":true}]}}