{"id":237,"date":"2026-01-20T13:49:07","date_gmt":"2026-01-20T13:49:07","guid":{"rendered":"https:\/\/mariuszkoziel.pl\/?page_id=237"},"modified":"2026-01-20T13:49:50","modified_gmt":"2026-01-20T13:49:50","slug":"14-january-2026","status":"publish","type":"page","link":"https:\/\/mariuszkoziel.pl\/index.php\/14-january-2026\/","title":{"rendered":"14 January 2026"},"content":{"rendered":"\n<div class=\"wp-block-group has-background is-vertical is-content-justification-stretch is-layout-flex wp-container-core-group-is-layout-71cc3f89 wp-block-group-is-layout-flex\" style=\"background-color:#7d470740;margin-top:0;margin-bottom:0;padding-top:var(--wp--preset--spacing--40);padding-right:var(--wp--preset--spacing--30);padding-bottom:var(--wp--preset--spacing--40);padding-left:var(--wp--preset--spacing--30)\">\n<p>Utrecht (NL), Tivoli Vredenburg<\/p>\n\n\n\n<h2 class=\"wp-block-heading\">Concert Programme:<\/h2>\n\n\n\n<div class=\"wp-block-columns is-layout-flex wp-container-core-columns-is-layout-28f84493 wp-block-columns-is-layout-flex\">\n<div class=\"wp-block-column is-layout-flow wp-block-column-is-layout-flow\" style=\"flex-basis:100%\">\n<p class=\"is-style-default has-medium-font-size\" style=\"padding-top:var(--wp--preset--spacing--40);padding-bottom:var(--wp--preset--spacing--40)\"><strong>G. Muffat (1653\u20131704)<\/strong> \u2013\u00a0Toccata secunda<br><strong>J. Pachelbel (1653\u20131706)<\/strong> \u2013\u00a0<em>Aria prima<\/em>\u00a0(from\u00a0<em>Hexachordum Apollinis<\/em>)<br><strong>D. Buxtehude (1637\u20131707) <\/strong>\u2013\u00a0<em>Canzona<\/em> in C, BuxWV 166<br><strong>A. van Noordt (c. 1619\u20131675)<\/strong> \u2013\u00a0<em>Psalm 24<\/em><br><strong>M. Kozie\u0142 (*1998)<\/strong> \u2013\u00a0 Choralvorspiele \u201e<em>G\u0142os wdzi\u0119czny z nieba<\/em>\u201d<strong> <span style=\"color: #a52a2a;\" class=\"stk-highlight\">(world premiere)<\/span><\/strong><br><strong>M. Kozie\u0142<\/strong> \u2013 Choralvorspiele\u00a0<em>\u201eGodzien jeste\u015b, godzien\u201d<\/em><br><strong>M. Kozie\u0142 <\/strong>\u2013\u00a0 Choralvorspiele \u201e<em>Niebiosa, ros\u0119 spu\u015b\u0107cie<\/em>\u201d<br><strong>J.S. Bach<\/strong> <strong>(1685\u20131750)<\/strong> \u2013\u00a0<em>In dir ist Freude<\/em>, BWV 615<br><strong>J.S. Bach <\/strong>\u2013\u00a0<em>Liebster Jesu, wir sind hier<\/em>, BWV 731<br><strong>J.S. Bach<\/strong> \u2013\u00a0<em>Prelude and Fugue in E minor<\/em>, BWV 548<\/p>\n\n\n\n<div style=\"height:100px\" aria-hidden=\"true\" class=\"wp-block-spacer\"><\/div>\n\n\n<div style=\"gap: 20px;\" class=\"align-button-center ub-buttons orientation-button-row ub-flex-wrap wp-block-ub-button\" id=\"ub-button-96b83d9f-cfe1-429a-9e1a-37342330e94e\"><div class=\"ub-button-container\">\n\t\t\t<a href=\"https:\/\/mariuszkoziel.pl\/index.php\/kalendarz\" target=\"_self\" class=\"ub-button-block-main   ub-button-flex\" role=\"button\" style=\"--ub-button-background-color: #a52a2a; --ub-button-color: #ffffff; --ub-button-border: none; --ub-button-hover-background-color: #4b0101; --ub-button-hover-color: #ffffff; --ub-button-hover-border: none; font-size: 17px; padding-top: 10px; padding-right: 10px; padding-bottom: 10px; padding-left: 10px; border-top-left-radius: 100px;; border-top-right-radius: 100px;; border-bottom-left-radius: 100px;; border-bottom-right-radius: 100px;; \">\n\t\t\t\t<div class=\"ub-button-content-holder\" style=\"flex-direction: row\">\n\t\t\t\t\t<span class=\"ub-button-block-btn\">Powr\u00f3t<\/span>\n\t\t\t\t<\/div>\n\t\t\t<\/a>\n\t\t<\/div><\/div><\/div>\n<\/div>\n<\/div>\n","protected":false},"excerpt":{"rendered":"<p>Utrecht (NL), Tivoli Vredenburg Concert Programme: G. Muffat (1653\u20131704) \u2013\u00a0Toccata secundaJ. Pachelbel (1653\u20131706) \u2013\u00a0Aria prima\u00a0(from\u00a0Hexachordum Apollinis)D. Buxtehude (1637\u20131707) \u2013\u00a0Canzona in C, BuxWV 166A. van Noordt (c. 1619\u20131675) \u2013\u00a0Psalm 24M. Kozie\u0142 (*1998) \u2013\u00a0 Choralvorspiele \u201eG\u0142os wdzi\u0119czny z nieba\u201d (world premiere)M. Kozie\u0142 \u2013 Choralvorspiele\u00a0\u201eGodzien jeste\u015b, godzien\u201dM. Kozie\u0142 \u2013\u00a0 Choralvorspiele \u201eNiebiosa, ros\u0119 spu\u015b\u0107cie\u201dJ.S. Bach (1685\u20131750) \u2013\u00a0In dir ist [&hellip;]<\/p>\n","protected":false},"author":1,"featured_media":0,"parent":0,"menu_order":0,"comment_status":"closed","ping_status":"closed","template":"","meta":{"footnotes":""},"class_list":["post-237","page","type-page","status-publish","hentry"],"featured_image_src":null,"_links":{"self":[{"href":"https:\/\/mariuszkoziel.pl\/index.php\/wp-json\/wp\/v2\/pages\/237","targetHints":{"allow":["GET"]}}],"collection":[{"href":"https:\/\/mariuszkoziel.pl\/index.php\/wp-json\/wp\/v2\/pages"}],"about":[{"href":"https:\/\/mariuszkoziel.pl\/index.php\/wp-json\/wp\/v2\/types\/page"}],"author":[{"embeddable":true,"href":"https:\/\/mariuszkoziel.pl\/index.php\/wp-json\/wp\/v2\/users\/1"}],"replies":[{"embeddable":true,"href":"https:\/\/mariuszkoziel.pl\/index.php\/wp-json\/wp\/v2\/comments?post=237"}],"version-history":[{"count":2,"href":"https:\/\/mariuszkoziel.pl\/index.php\/wp-json\/wp\/v2\/pages\/237\/revisions"}],"predecessor-version":[{"id":241,"href":"https:\/\/mariuszkoziel.pl\/index.php\/wp-json\/wp\/v2\/pages\/237\/revisions\/241"}],"wp:attachment":[{"href":"https:\/\/mariuszkoziel.pl\/index.php\/wp-json\/wp\/v2\/media?parent=237"}],"curies":[{"name":"wp","href":"https:\/\/api.w.org\/{rel}","templated":true}]}}