{"id":244,"date":"2026-01-23T08:31:58","date_gmt":"2026-01-23T08:31:58","guid":{"rendered":"https:\/\/mariuszkoziel.pl\/?page_id=244"},"modified":"2026-02-27T09:50:46","modified_gmt":"2026-02-27T09:50:46","slug":"15-march-2026","status":"publish","type":"page","link":"https:\/\/mariuszkoziel.pl\/index.php\/15-march-2026\/","title":{"rendered":"15 March 2026"},"content":{"rendered":"\n\n\n<div class=\"wp-block-group has-background is-vertical is-content-justification-left is-layout-flex wp-container-core-group-is-layout-87d9bda2 wp-block-group-is-layout-flex\" style=\"background-color:#7d470740;margin-top:0;margin-bottom:0;padding-top:var(--wp--preset--spacing--40);padding-right:var(--wp--preset--spacing--30);padding-bottom:var(--wp--preset--spacing--40);padding-left:var(--wp--preset--spacing--30)\">\n<p>Leiden (NL), Pieterskerk<\/p>\n\n\n\n<p><strong>International Women&#8217;s Day Organ Concert<\/strong> (ca. 60 min)<\/p>\n\n\n\n<h2 class=\"wp-block-heading\">Concert Programme:<\/h2>\n\n\n\n<div class=\"wp-block-columns is-layout-flex wp-container-core-columns-is-layout-28f84493 wp-block-columns-is-layout-flex\">\n<div class=\"wp-block-column is-layout-flow wp-block-column-is-layout-flow\" style=\"flex-basis:100%\">\n<p class=\"is-style-default has-medium-font-size\" style=\"padding-top:var(--wp--preset--spacing--40);padding-bottom:var(--wp--preset--spacing--40)\"><strong>L. Vierne (1870-1937)<\/strong> &#8211; <em>Hymne au Soleil <\/em>op. 53 nr 3<br><strong>L. Vierne <\/strong>&#8211; <em>Na\u00efades <\/em>op. 55 nr 4<br><strong>L. Vierne<\/strong> &#8211; <em>\u00c9toile du soir <\/em>op. 54 nr 3<br><strong>M. Dupr\u00e9 (1886-1971)<\/strong> &#8211;<em> Suite bretonne<\/em> op. 21 &#8211; <em>Berceuse<\/em><br><strong>M. Kozie\u0142 (*1998)<\/strong> &#8211; Preludium c-moll<br><strong>A. Bon (1738-after 1769)<\/strong> &#8211; Sonata in G minor op. 2 nr 1<br><strong>E. Turner (?-1756)<\/strong> &#8211; Four Harpsichord Pieces:<br>   1. <em>Tambourine<\/em><br>   2. <em>Minuetto<\/em><br>   3. <em>Savoyard<\/em><br>   4. <em>Giga<\/em><br><strong>J. Boulay (1869-1925)<\/strong> &#8211; <em>Trois Pi\u00e8ces pour Orgue <\/em>&#8211; I. <em>Pr\u00e9lude<\/em><br><strong>J. Demessieux (1921-1968)<\/strong> &#8211; <em>12 Choral Preludes on Gregorain Chant Themes<\/em> op. 8:<br>&#8211; <em>Rorate Caeli <\/em>nr 1<br>&#8211; <em>Tu es Petrus <\/em>nr 11<br>&#8211; <em>Ubi Caritas<\/em> nr 9<br><strong>J. Demessieux<\/strong> &#8211; <em>Te Deum <\/em>op. 11<\/p>\n\n\n\n<div style=\"height:100px\" aria-hidden=\"true\" class=\"wp-block-spacer\"><\/div>\n\n\n<div style=\"gap: 20px;\" class=\"align-button-center ub-buttons orientation-button-row ub-flex-wrap wp-block-ub-button\" id=\"ub-button-c89b06ae-9132-4116-a92d-6a032f9d2323\"><div class=\"ub-button-container\">\n\t\t\t<a href=\"https:\/\/mariuszkoziel.pl\/index.php\/kalendarz\" target=\"_self\" class=\"ub-button-block-main   ub-button-flex\" role=\"button\" style=\"--ub-button-background-color: #a52a2a; --ub-button-color: #ffffff; --ub-button-border: none; --ub-button-hover-background-color: #4b0101; --ub-button-hover-color: #ffffff; --ub-button-hover-border: none; font-size: 17px; padding-top: 10px; padding-right: 10px; padding-bottom: 10px; padding-left: 10px; border-top-left-radius: 100px;; border-top-right-radius: 100px;; border-bottom-left-radius: 100px;; border-bottom-right-radius: 100px;; \">\n\t\t\t\t<div class=\"ub-button-content-holder\" style=\"flex-direction: row\">\n\t\t\t\t\t<span class=\"ub-button-block-btn\">Back<\/span>\n\t\t\t\t<\/div>\n\t\t\t<\/a>\n\t\t<\/div><div class=\"ub-button-container\">\n\t\t\t<a href=\"https:\/\/apps.ticketmatic.com\/widgets\/pieterskerk\/addtickets?event=247476758570#!\/addtickets\" target=\"_blank\" rel=\"noopener noreferrer\" class=\"ub-button-block-main   ub-button-flex\" role=\"button\" style=\"--ub-button-background-color: #a52a2a; --ub-button-color: #ffffff; --ub-button-border: none; --ub-button-hover-background-color: #313131; --ub-button-hover-color: #ffffff; --ub-button-hover-border: none; font-size: 17px; padding-top: 10px; padding-right: 10px; padding-bottom: 10px; padding-left: 10px; border-top-left-radius: 100px;; border-top-right-radius: 100px;; border-bottom-left-radius: 100px;; border-bottom-right-radius: 100px;; \">\n\t\t\t\t<div class=\"ub-button-content-holder\" style=\"flex-direction: row\">\n\t\t\t\t\t<span class=\"ub-button-block-btn\">Tickets<\/span>\n\t\t\t\t<\/div>\n\t\t\t<\/a>\n\t\t<\/div><\/div><\/div>\n<\/div>\n<\/div>\n\n\n\n<p><\/p>\n","protected":false},"excerpt":{"rendered":"<p>Leiden (NL), Pieterskerk International Women&#8217;s Day Organ Concert (ca. 60 min) Concert Programme: L. Vierne (1870-1937) &#8211; Hymne au Soleil op. 53 nr 3L. Vierne &#8211; Na\u00efades op. 55 nr 4L. Vierne &#8211; \u00c9toile du soir op. 54 nr 3M. Dupr\u00e9 (1886-1971) &#8211; Suite bretonne op. 21 &#8211; BerceuseM. Kozie\u0142 (*1998) &#8211; Preludium c-mollA. Bon [&hellip;]<\/p>\n","protected":false},"author":1,"featured_media":0,"parent":0,"menu_order":0,"comment_status":"closed","ping_status":"closed","template":"","meta":{"footnotes":""},"class_list":["post-244","page","type-page","status-publish","hentry"],"featured_image_src":null,"_links":{"self":[{"href":"https:\/\/mariuszkoziel.pl\/index.php\/wp-json\/wp\/v2\/pages\/244","targetHints":{"allow":["GET"]}}],"collection":[{"href":"https:\/\/mariuszkoziel.pl\/index.php\/wp-json\/wp\/v2\/pages"}],"about":[{"href":"https:\/\/mariuszkoziel.pl\/index.php\/wp-json\/wp\/v2\/types\/page"}],"author":[{"embeddable":true,"href":"https:\/\/mariuszkoziel.pl\/index.php\/wp-json\/wp\/v2\/users\/1"}],"replies":[{"embeddable":true,"href":"https:\/\/mariuszkoziel.pl\/index.php\/wp-json\/wp\/v2\/comments?post=244"}],"version-history":[{"count":3,"href":"https:\/\/mariuszkoziel.pl\/index.php\/wp-json\/wp\/v2\/pages\/244\/revisions"}],"predecessor-version":[{"id":264,"href":"https:\/\/mariuszkoziel.pl\/index.php\/wp-json\/wp\/v2\/pages\/244\/revisions\/264"}],"wp:attachment":[{"href":"https:\/\/mariuszkoziel.pl\/index.php\/wp-json\/wp\/v2\/media?parent=244"}],"curies":[{"name":"wp","href":"https:\/\/api.w.org\/{rel}","templated":true}]}}