{"id":250,"date":"2026-02-27T09:44:51","date_gmt":"2026-02-27T09:44:51","guid":{"rendered":"https:\/\/mariuszkoziel.pl\/?page_id=250"},"modified":"2026-02-27T09:44:51","modified_gmt":"2026-02-27T09:44:51","slug":"13-april-2026","status":"publish","type":"page","link":"https:\/\/mariuszkoziel.pl\/index.php\/13-april-2026\/","title":{"rendered":"13 April 2026"},"content":{"rendered":"\n<div class=\"wp-block-group has-background is-vertical is-content-justification-left is-layout-flex wp-container-core-group-is-layout-87d9bda2 wp-block-group-is-layout-flex\" style=\"background-color:#7d470740;margin-top:0;margin-bottom:0;padding-top:var(--wp--preset--spacing--40);padding-right:var(--wp--preset--spacing--30);padding-bottom:var(--wp--preset--spacing--40);padding-left:var(--wp--preset--spacing--30)\">\n<p>London (UK), Southwark Cathedral, 13:20<\/p>\n\n\n\n<h2 class=\"wp-block-heading\">Concert Programme:<\/h2>\n\n\n\n<div class=\"wp-block-columns is-layout-flex wp-container-core-columns-is-layout-28f84493 wp-block-columns-is-layout-flex\">\n<div class=\"wp-block-column is-layout-flow wp-block-column-is-layout-flow\" style=\"flex-basis:100%\">\n<p class=\"is-style-default has-medium-font-size\" style=\"padding-top:var(--wp--preset--spacing--40);padding-bottom:var(--wp--preset--spacing--40)\"><strong>Mariusz Kozie\u0142 (*1998)<\/strong> &#8211; <em>Toccata<\/em> in D minor<strong> <span style=\"color: #a52a2a;\" class=\"stk-highlight\">(world premiere)<\/span><\/strong><br><strong>Josephine Boulay (1869-1925)<\/strong> &#8211; <em>Pr\u00e9lude <\/em>from <em>Trois Pi\u00e8ces pour Orgue<br><\/em><strong>Mieczys\u0142aw Surzy\u0144ski (1866-1925)<\/strong> &#8211; <em>Capriccio <\/em>in F-sharp minor op. 36<br><strong>Louis Vierne (1870-1937)<\/strong> &#8211; <em>\u00c9toile du soir<\/em> op. 54 nr. 3<br><strong>Jeanne Demessieux (1921-1968)<\/strong> &#8211; <em>Te Deum<\/em> op. 11<\/p>\n\n\n\n<div style=\"height:100px\" aria-hidden=\"true\" class=\"wp-block-spacer\"><\/div>\n\n\n<div style=\"gap: 20px;\" class=\"align-button-center ub-buttons orientation-button-row ub-flex-wrap wp-block-ub-button\" id=\"ub-button-d2b2a7ad-10c7-42dd-a38a-037dc6279321\"><div class=\"ub-button-container\">\n\t\t\t<a href=\"https:\/\/mariuszkoziel.pl\/index.php\/kalendarz\" target=\"_self\" class=\"ub-button-block-main   ub-button-flex\" role=\"button\" style=\"--ub-button-background-color: #a52a2a; --ub-button-color: #ffffff; --ub-button-border: none; --ub-button-hover-background-color: #4b0101; --ub-button-hover-color: #ffffff; --ub-button-hover-border: none; font-size: 17px; padding-top: 10px; padding-right: 10px; padding-bottom: 10px; padding-left: 10px; border-top-left-radius: 100px;; border-top-right-radius: 100px;; border-bottom-left-radius: 100px;; border-bottom-right-radius: 100px;; \">\n\t\t\t\t<div class=\"ub-button-content-holder\" style=\"flex-direction: row\">\n\t\t\t\t\t<span class=\"ub-button-block-btn\">Powr\u00f3t<\/span>\n\t\t\t\t<\/div>\n\t\t\t<\/a>\n\t\t<\/div><\/div><\/div>\n<\/div>\n<\/div>\n","protected":false},"excerpt":{"rendered":"<p>London (UK), Southwark Cathedral, 13:20 Concert Programme: Mariusz Kozie\u0142 (*1998) &#8211; Toccata in D minor (world premiere)Josephine Boulay (1869-1925) &#8211; Pr\u00e9lude from Trois Pi\u00e8ces pour OrgueMieczys\u0142aw Surzy\u0144ski (1866-1925) &#8211; Capriccio in F-sharp minor op. 36Louis Vierne (1870-1937) &#8211; \u00c9toile du soir op. 54 nr. 3Jeanne Demessieux (1921-1968) &#8211; Te Deum op. 11<\/p>\n","protected":false},"author":1,"featured_media":0,"parent":0,"menu_order":0,"comment_status":"closed","ping_status":"closed","template":"","meta":{"footnotes":""},"class_list":["post-250","page","type-page","status-publish","hentry"],"featured_image_src":null,"_links":{"self":[{"href":"https:\/\/mariuszkoziel.pl\/index.php\/wp-json\/wp\/v2\/pages\/250","targetHints":{"allow":["GET"]}}],"collection":[{"href":"https:\/\/mariuszkoziel.pl\/index.php\/wp-json\/wp\/v2\/pages"}],"about":[{"href":"https:\/\/mariuszkoziel.pl\/index.php\/wp-json\/wp\/v2\/types\/page"}],"author":[{"embeddable":true,"href":"https:\/\/mariuszkoziel.pl\/index.php\/wp-json\/wp\/v2\/users\/1"}],"replies":[{"embeddable":true,"href":"https:\/\/mariuszkoziel.pl\/index.php\/wp-json\/wp\/v2\/comments?post=250"}],"version-history":[{"count":1,"href":"https:\/\/mariuszkoziel.pl\/index.php\/wp-json\/wp\/v2\/pages\/250\/revisions"}],"predecessor-version":[{"id":252,"href":"https:\/\/mariuszkoziel.pl\/index.php\/wp-json\/wp\/v2\/pages\/250\/revisions\/252"}],"wp:attachment":[{"href":"https:\/\/mariuszkoziel.pl\/index.php\/wp-json\/wp\/v2\/media?parent=250"}],"curies":[{"name":"wp","href":"https:\/\/api.w.org\/{rel}","templated":true}]}}