{"id":275,"date":"2026-04-03T06:28:57","date_gmt":"2026-04-03T06:28:57","guid":{"rendered":"https:\/\/mariuszkoziel.pl\/?page_id=275"},"modified":"2026-04-03T06:28:57","modified_gmt":"2026-04-03T06:28:57","slug":"13-august-2026","status":"publish","type":"page","link":"https:\/\/mariuszkoziel.pl\/index.php\/13-august-2026\/","title":{"rendered":"13 August 2026"},"content":{"rendered":"\n<div class=\"wp-block-group has-background is-vertical is-content-justification-left is-layout-flex wp-container-core-group-is-layout-87d9bda2 wp-block-group-is-layout-flex\" style=\"background-color:#7d470740;margin-top:0;margin-bottom:0;padding-top:var(--wp--preset--spacing--40);padding-right:var(--wp--preset--spacing--30);padding-bottom:var(--wp--preset--spacing--40);padding-left:var(--wp--preset--spacing--30)\">\n<p>Leiden (NL), Pieterskerk<br>Kloksteeg 16<\/p>\n\n\n\n<p><strong>12:30<\/strong> | <strong>Lunchconcert<\/strong> (ca. 30 min)<\/p>\n\n\n\n<h2 class=\"wp-block-heading\">Concert Programme:<\/h2>\n\n\n\n<div class=\"wp-block-columns is-layout-flex wp-container-core-columns-is-layout-28f84493 wp-block-columns-is-layout-flex\">\n<div class=\"wp-block-column is-layout-flow wp-block-column-is-layout-flow\" style=\"flex-basis:100%\">\n<p class=\"is-style-default has-medium-font-size\" style=\"padding-top:var(--wp--preset--spacing--40);padding-bottom:var(--wp--preset--spacing--40)\"><strong>M. Dupr\u00e9 (1886-1971)<\/strong> &#8211; Prelude and fugue in G minor op. 7 nr. 3<br><strong>M. Kozie\u0142 (*1998)<\/strong> &#8211; The Legend <strong><span style=\"color: #a52a2a;\" class=\"stk-highlight\">(world premiere)<\/span><\/strong><br><strong>J. Langlais (1907-1991)<\/strong> &#8211; Huit pi\u00e8ces modales &#8211; nr. 1: Mode de r\u00e9<br><strong>J. Alain (1911-1940)<\/strong> &#8211; Fantasmagorie<br><strong>M. Reger (1873-1916)<\/strong> &#8211; Introduction and passacaglia in D minor<\/p>\n\n\n\n<div style=\"height:100px\" aria-hidden=\"true\" class=\"wp-block-spacer\"><\/div>\n\n\n<div style=\"gap: 20px;\" class=\"align-button-center ub-buttons orientation-button-row ub-flex-wrap wp-block-ub-button\" id=\"ub-button-ac01c8d6-9e5a-4dad-a217-a4a100fc236c\"><div class=\"ub-button-container\">\n\t\t\t<a href=\"https:\/\/mariuszkoziel.pl\/index.php\/kalendarz\" target=\"_self\" class=\"ub-button-block-main   ub-button-flex\" role=\"button\" style=\"--ub-button-background-color: #a52a2a; --ub-button-color: #ffffff; --ub-button-border: none; --ub-button-hover-background-color: #4b0101; --ub-button-hover-color: #ffffff; --ub-button-hover-border: none; font-size: 17px; padding-top: 10px; padding-right: 10px; padding-bottom: 10px; padding-left: 10px; border-top-left-radius: 100px;; border-top-right-radius: 100px;; border-bottom-left-radius: 100px;; border-bottom-right-radius: 100px;; \">\n\t\t\t\t<div class=\"ub-button-content-holder\" style=\"flex-direction: row\">\n\t\t\t\t\t<span class=\"ub-button-block-btn\">Back<\/span>\n\t\t\t\t<\/div>\n\t\t\t<\/a>\n\t\t<\/div><\/div><\/div>\n<\/div>\n<\/div>\n","protected":false},"excerpt":{"rendered":"<p>Leiden (NL), PieterskerkKloksteeg 16 12:30 | Lunchconcert (ca. 30 min) Concert Programme: M. Dupr\u00e9 (1886-1971) &#8211; Prelude and fugue in G minor op. 7 nr. 3M. Kozie\u0142 (*1998) &#8211; The Legend (world premiere)J. Langlais (1907-1991) &#8211; Huit pi\u00e8ces modales &#8211; nr. 1: Mode de r\u00e9J. Alain (1911-1940) &#8211; FantasmagorieM. Reger (1873-1916) &#8211; Introduction and passacaglia [&hellip;]<\/p>\n","protected":false},"author":1,"featured_media":0,"parent":0,"menu_order":0,"comment_status":"closed","ping_status":"closed","template":"","meta":{"footnotes":""},"class_list":["post-275","page","type-page","status-publish","hentry"],"featured_image_src":null,"_links":{"self":[{"href":"https:\/\/mariuszkoziel.pl\/index.php\/wp-json\/wp\/v2\/pages\/275","targetHints":{"allow":["GET"]}}],"collection":[{"href":"https:\/\/mariuszkoziel.pl\/index.php\/wp-json\/wp\/v2\/pages"}],"about":[{"href":"https:\/\/mariuszkoziel.pl\/index.php\/wp-json\/wp\/v2\/types\/page"}],"author":[{"embeddable":true,"href":"https:\/\/mariuszkoziel.pl\/index.php\/wp-json\/wp\/v2\/users\/1"}],"replies":[{"embeddable":true,"href":"https:\/\/mariuszkoziel.pl\/index.php\/wp-json\/wp\/v2\/comments?post=275"}],"version-history":[{"count":1,"href":"https:\/\/mariuszkoziel.pl\/index.php\/wp-json\/wp\/v2\/pages\/275\/revisions"}],"predecessor-version":[{"id":276,"href":"https:\/\/mariuszkoziel.pl\/index.php\/wp-json\/wp\/v2\/pages\/275\/revisions\/276"}],"wp:attachment":[{"href":"https:\/\/mariuszkoziel.pl\/index.php\/wp-json\/wp\/v2\/media?parent=275"}],"curies":[{"name":"wp","href":"https:\/\/api.w.org\/{rel}","templated":true}]}}