{"id":37,"date":"2025-07-19T15:05:35","date_gmt":"2025-07-19T15:05:35","guid":{"rendered":"https:\/\/mariuszkoziel.pl\/?page_id=37"},"modified":"2025-08-04T17:20:29","modified_gmt":"2025-08-04T17:20:29","slug":"31-sierpnia-2025","status":"publish","type":"page","link":"https:\/\/mariuszkoziel.pl\/index.php\/31-sierpnia-2025\/","title":{"rendered":"31 sierpnia 2025"},"content":{"rendered":"\n<div class=\"wp-block-group has-background is-vertical is-layout-flex wp-container-core-group-is-layout-1a71d7b5 wp-block-group-is-layout-flex\" style=\"background-color:#7d470740;margin-top:0;margin-bottom:0;padding-top:var(--wp--preset--spacing--40);padding-right:var(--wp--preset--spacing--30);padding-bottom:var(--wp--preset--spacing--40);padding-left:var(--wp--preset--spacing--30)\">\n<p>Gniezno, Bazylika Prymasowska Sanktuarium \u015bw. Wojciecha<\/p>\n\n\n\n<h2 class=\"wp-block-heading\">Program koncertu:<\/h2>\n\n\n\n<div class=\"wp-block-columns is-layout-flex wp-container-core-columns-is-layout-28f84493 wp-block-columns-is-layout-flex\">\n<div class=\"wp-block-column is-layout-flow wp-block-column-is-layout-flow\" style=\"flex-basis:50%\">\n<p class=\"is-style-default has-medium-font-size\" style=\"padding-top:var(--wp--preset--spacing--40);padding-bottom:var(--wp--preset--spacing--40)\"><strong>M. Reger (1873-1916)<\/strong> &#8211; Toccata d-moll op. 59 nr 5<strong><br>M. Kozie\u0142 (*1998)<\/strong> &#8211; Rondo Des-dur <span style=\"color: #a52a2a;\" class=\"stk-highlight\"><strong>(prawykonanie)<\/strong><\/span><strong><br>M. Kozie\u0142 <\/strong>&#8211; Taniec w G\u00f3rach <span style=\"color: #a52a2a;\" class=\"stk-highlight\"><strong>(prawykonanie)<\/strong><\/span><strong><br>M. Kozie\u0142 <\/strong>&#8211; Preludium c-moll <span style=\"color: #a52a2a;\" class=\"stk-highlight\"><strong>(prawykonanie)<\/strong><\/span><strong><br>G. Litaize (1909-1991)<\/strong> &#8211; Scherzo<strong><br>F. Liszt (1811-1886)<\/strong> &#8211; Fantazja i Fuga na temat &#8222;B-A-C-H&#8221; (aran\u017cacja: Jean Guillou)<\/p>\n\n\n\n<div style=\"height:100px\" aria-hidden=\"true\" class=\"wp-block-spacer\"><\/div>\n\n\n<div style=\"gap: 20px;\" class=\"align-button-center ub-buttons orientation-button-row ub-flex-wrap wp-block-ub-button\" id=\"ub-button-571d0d48-d856-4dcd-bdd9-a13e86291225\"><div class=\"ub-button-container\">\n\t\t\t<a href=\"https:\/\/mariuszkoziel.pl\/index.php\/kalendarz\" target=\"_self\" class=\"ub-button-block-main   ub-button-flex\" role=\"button\" style=\"--ub-button-background-color: #a52a2a; --ub-button-color: #ffffff; --ub-button-border: none; --ub-button-hover-background-color: #4b0101; --ub-button-hover-color: #ffffff; --ub-button-hover-border: none; font-size: 17px; padding-top: 10px; padding-right: 10px; padding-bottom: 10px; padding-left: 10px; border-top-left-radius: 100px;; border-top-right-radius: 100px;; border-bottom-left-radius: 100px;; border-bottom-right-radius: 100px;; \">\n\t\t\t\t<div class=\"ub-button-content-holder\" style=\"flex-direction: row\">\n\t\t\t\t\t<span class=\"ub-button-block-btn\">Powr\u00f3t<\/span>\n\t\t\t\t<\/div>\n\t\t\t<\/a>\n\t\t<\/div><\/div><\/div>\n\n\n\n<div class=\"wp-block-column is-layout-flow wp-block-column-is-layout-flow\" style=\"flex-basis:50%\">\n<figure class=\"wp-block-image aligncenter size-large has-custom-border\"><img loading=\"lazy\" decoding=\"async\" width=\"717\" height=\"1024\" src=\"https:\/\/mariuszkoziel.pl\/wp-content\/uploads\/2025\/07\/Plakat-31.08.25-717x1024.jpg\" alt=\"\" class=\"wp-image-76\" style=\"border-style:none;border-width:0px;border-radius:0px;box-shadow:var(--wp--preset--shadow--natural)\" srcset=\"https:\/\/mariuszkoziel.pl\/wp-content\/uploads\/2025\/07\/Plakat-31.08.25-717x1024.jpg 717w, https:\/\/mariuszkoziel.pl\/wp-content\/uploads\/2025\/07\/Plakat-31.08.25-210x300.jpg 210w, https:\/\/mariuszkoziel.pl\/wp-content\/uploads\/2025\/07\/Plakat-31.08.25-768x1097.jpg 768w, https:\/\/mariuszkoziel.pl\/wp-content\/uploads\/2025\/07\/Plakat-31.08.25-1076x1536.jpg 1076w, https:\/\/mariuszkoziel.pl\/wp-content\/uploads\/2025\/07\/Plakat-31.08.25.jpg 1124w\" sizes=\"auto, (max-width: 717px) 100vw, 717px\" \/><\/figure>\n<\/div>\n<\/div>\n<\/div>\n","protected":false},"excerpt":{"rendered":"<p>Gniezno, Bazylika Prymasowska Sanktuarium \u015bw. Wojciecha Program koncertu: M. Reger (1873-1916) &#8211; Toccata d-moll op. 59 nr 5M. Kozie\u0142 (*1998) &#8211; Rondo Des-dur (prawykonanie)M. Kozie\u0142 &#8211; Taniec w G\u00f3rach (prawykonanie)M. Kozie\u0142 &#8211; Preludium c-moll (prawykonanie)G. Litaize (1909-1991) &#8211; ScherzoF. Liszt (1811-1886) &#8211; Fantazja i Fuga na temat &#8222;B-A-C-H&#8221; (aran\u017cacja: Jean Guillou)<\/p>\n","protected":false},"author":1,"featured_media":0,"parent":0,"menu_order":0,"comment_status":"closed","ping_status":"closed","template":"","meta":{"footnotes":""},"class_list":["post-37","page","type-page","status-publish","hentry"],"featured_image_src":null,"_links":{"self":[{"href":"https:\/\/mariuszkoziel.pl\/index.php\/wp-json\/wp\/v2\/pages\/37","targetHints":{"allow":["GET"]}}],"collection":[{"href":"https:\/\/mariuszkoziel.pl\/index.php\/wp-json\/wp\/v2\/pages"}],"about":[{"href":"https:\/\/mariuszkoziel.pl\/index.php\/wp-json\/wp\/v2\/types\/page"}],"author":[{"embeddable":true,"href":"https:\/\/mariuszkoziel.pl\/index.php\/wp-json\/wp\/v2\/users\/1"}],"replies":[{"embeddable":true,"href":"https:\/\/mariuszkoziel.pl\/index.php\/wp-json\/wp\/v2\/comments?post=37"}],"version-history":[{"count":8,"href":"https:\/\/mariuszkoziel.pl\/index.php\/wp-json\/wp\/v2\/pages\/37\/revisions"}],"predecessor-version":[{"id":231,"href":"https:\/\/mariuszkoziel.pl\/index.php\/wp-json\/wp\/v2\/pages\/37\/revisions\/231"}],"wp:attachment":[{"href":"https:\/\/mariuszkoziel.pl\/index.php\/wp-json\/wp\/v2\/media?parent=37"}],"curies":[{"name":"wp","href":"https:\/\/api.w.org\/{rel}","templated":true}]}}