{"id":61,"date":"2025-07-20T20:20:53","date_gmt":"2025-07-20T20:20:53","guid":{"rendered":"https:\/\/mariuszkoziel.pl\/?page_id=61"},"modified":"2025-08-04T17:29:01","modified_gmt":"2025-08-04T17:29:01","slug":"bio","status":"publish","type":"page","link":"https:\/\/mariuszkoziel.pl\/index.php\/bio\/","title":{"rendered":"Bio"},"content":{"rendered":"<div style=\"gap: 20px;\" class=\"align-button-right ub-buttons orientation-button-row ub-flex-wrap wp-block-ub-button\" id=\"ub-button-7422b7cf-11a3-4422-8e6c-f59213f44322\"><div class=\"ub-button-container\">\n\t\t\t<a href=\"https:\/\/mariuszkoziel.pl\/index.php\/zyciorys\/\" target=\"_self\" class=\"ub-button-block-main   ub-button-flex\" role=\"button\" style=\"--ub-button-background-color: #7d480780; --ub-button-color: #ffffff; --ub-button-border: none; --ub-button-hover-background-color: #7d4807; --ub-button-hover-color: #ffffff; --ub-button-hover-border: none; font-size: 17px; padding-top: 10px; padding-right: 10px; padding-bottom: 10px; padding-left: 10px; border-top-left-radius: 100px;; border-top-right-radius: 100px;; border-bottom-left-radius: 100px;; border-bottom-right-radius: 100px;; \">\n\t\t\t\t<div class=\"ub-button-content-holder\" style=\"flex-direction: row\">\n\t\t\t\t\t<span class=\"ub-button-block-btn\">PL<\/span>\n\t\t\t\t<\/div>\n\t\t\t<\/a>\n\t\t<\/div><\/div>\n\n\n<div class=\"wp-block-columns is-style-default has-background has-small-font-size is-layout-flex wp-container-core-columns-is-layout-c8bf6435 wp-block-columns-is-layout-flex\" style=\"background-color:#7d470740;padding-right:var(--wp--preset--spacing--30);padding-left:var(--wp--preset--spacing--30)\">\n<div class=\"wp-block-column is-vertically-aligned-center is-layout-flow wp-container-core-column-is-layout-22223934 wp-block-column-is-layout-flow\" style=\"flex-basis:45%\">\n<p class=\"has-medium-font-size\"><strong>Mariusz Kozie\u0142<\/strong> started his organ studies in 2017 at the<strong> Karol Szymanowski Academy of Music in Katowice<\/strong> (Poland) in prof. Witold Zaborny\u2019s class. He obtained a bachelor\u2019s degree in 2020 and in 2022 a <strong>master\u2019s degree diploma with distinction<\/strong> in Krzysztof Lukas\u2019 organ class. In September 2024 Mariusz Kozie\u0142 began his studies in <strong>Codarts in Rotterdam<\/strong> in prof. Zuzana Ferjen\u010d\u00edkov\u00e1\u2019s organ class. In addition he developed his skills during <strong>organ interpretation and improvisation masterclasses<\/strong>, among others with Franz Danksagm\u00fcller, Pieter van Dijk, Thierry Escaich, Julian Gembalski, Lorenzo Ghielmi, Thomas Lac\u00f4te, Giampaolo di Rosa and Daniel Roth.<\/p>\n<\/div>\n\n\n\n<div class=\"wp-block-column is-vertically-aligned-center is-layout-flow wp-block-column-is-layout-flow\">\n<figure class=\"wp-block-image size-large has-custom-border\"><img loading=\"lazy\" decoding=\"async\" width=\"1024\" height=\"683\" src=\"https:\/\/mariuszkoziel.pl\/wp-content\/uploads\/2025\/07\/250406-Junior-organist-in-residence-Mariusz-Koziel-Pieterskerk-Leiden-Fotograaf-Claudia-Claas-8-1024x683.jpg\" alt=\"\" class=\"wp-image-62\" style=\"border-width:1px;box-shadow:var(--wp--preset--shadow--natural)\" srcset=\"https:\/\/mariuszkoziel.pl\/wp-content\/uploads\/2025\/07\/250406-Junior-organist-in-residence-Mariusz-Koziel-Pieterskerk-Leiden-Fotograaf-Claudia-Claas-8-1024x683.jpg 1024w, https:\/\/mariuszkoziel.pl\/wp-content\/uploads\/2025\/07\/250406-Junior-organist-in-residence-Mariusz-Koziel-Pieterskerk-Leiden-Fotograaf-Claudia-Claas-8-300x200.jpg 300w, https:\/\/mariuszkoziel.pl\/wp-content\/uploads\/2025\/07\/250406-Junior-organist-in-residence-Mariusz-Koziel-Pieterskerk-Leiden-Fotograaf-Claudia-Claas-8-768x512.jpg 768w, https:\/\/mariuszkoziel.pl\/wp-content\/uploads\/2025\/07\/250406-Junior-organist-in-residence-Mariusz-Koziel-Pieterskerk-Leiden-Fotograaf-Claudia-Claas-8-1536x1024.jpg 1536w, https:\/\/mariuszkoziel.pl\/wp-content\/uploads\/2025\/07\/250406-Junior-organist-in-residence-Mariusz-Koziel-Pieterskerk-Leiden-Fotograaf-Claudia-Claas-8-2048x1365.jpg 2048w\" sizes=\"auto, (max-width: 1024px) 100vw, 1024px\" \/><figcaption class=\"wp-element-caption\">Fot. Claudia Claas @ Valetti<\/figcaption><\/figure>\n<\/div>\n<\/div>\n\n\n\n<div class=\"wp-block-columns is-style-default has-base-background-color has-background has-small-font-size is-layout-flex wp-container-core-columns-is-layout-cde458f6 wp-block-columns-is-layout-flex\" style=\"padding-top:var(--wp--preset--spacing--20);padding-right:var(--wp--preset--spacing--30);padding-bottom:var(--wp--preset--spacing--20);padding-left:var(--wp--preset--spacing--30)\">\n<div class=\"wp-block-column is-vertically-aligned-center is-layout-flow wp-block-column-is-layout-flow\">\n<figure class=\"wp-block-image size-large has-custom-border\"><img loading=\"lazy\" decoding=\"async\" width=\"1024\" height=\"768\" src=\"https:\/\/mariuszkoziel.pl\/wp-content\/uploads\/2025\/07\/IMG_4604-1024x768.jpeg\" alt=\"\" class=\"wp-image-105\" style=\"border-width:1px;box-shadow:var(--wp--preset--shadow--natural)\" srcset=\"https:\/\/mariuszkoziel.pl\/wp-content\/uploads\/2025\/07\/IMG_4604-1024x768.jpeg 1024w, https:\/\/mariuszkoziel.pl\/wp-content\/uploads\/2025\/07\/IMG_4604-300x225.jpeg 300w, https:\/\/mariuszkoziel.pl\/wp-content\/uploads\/2025\/07\/IMG_4604-768x576.jpeg 768w, https:\/\/mariuszkoziel.pl\/wp-content\/uploads\/2025\/07\/IMG_4604-1536x1152.jpeg 1536w, https:\/\/mariuszkoziel.pl\/wp-content\/uploads\/2025\/07\/IMG_4604-2048x1536.jpeg 2048w\" sizes=\"auto, (max-width: 1024px) 100vw, 1024px\" \/><figcaption class=\"wp-element-caption\">fot. Aleksandra Gawro\u0144ska-Kozie\u0142<\/figcaption><\/figure>\n<\/div>\n\n\n\n<div class=\"wp-block-column is-vertically-aligned-center is-layout-flow wp-container-core-column-is-layout-22223934 wp-block-column-is-layout-flow\" style=\"flex-basis:45%\">\n<p class=\"has-medium-font-size\">From September, due to winning the competition, Mariusz will take up the position of <strong>Junior Organist-in-Residence<\/strong> at the Pieterskerk in Leiden.<\/p>\n\n\n\n<p class=\"has-medium-font-size\">He took part in many organ competitions. His notable achievements include:<strong> 3rd prize<\/strong> at the Rijnmond Muziekprijs in Rhoon (The Netherlands) in March 2025,<strong> 1st prize<\/strong> at the Improvisation Competition during the 21st Petr Eben International Organ Competition in Opava (Czech Republic) in 2022, <strong>2nd prize <\/strong>at the Interpretation Competition during the 11th Jan Pieterszoon Sweelinck International Organ Music Competition in Gda\u0144sk (Poland) in 2021, <strong>3rd prize <\/strong>during the 7th Academic Organ Competition <em>Romuald Sroczy\u0144ski in memoriam<\/em> in Pozna\u0144 (Poland) in 2020 and<strong> 1st prize<\/strong> during the Organ Music Competition at the 30th International Religious Music Festival in Rumia (Poland) in 2018.<\/p>\n\n\n\n<p class=\"has-medium-font-size\">In 2025, he was awarded <strong>the prestigious 'M\u0142oda Polska&#8217; scholarship<\/strong>, granted by the<strong> Polish Ministry of Culture and National Heritage<\/strong>.<\/p>\n<\/div>\n<\/div>\n\n\n\n<div class=\"wp-block-columns is-style-default has-background has-small-font-size is-layout-flex wp-container-core-columns-is-layout-c8bf6435 wp-block-columns-is-layout-flex\" style=\"background-color:#7d470740;padding-right:var(--wp--preset--spacing--30);padding-left:var(--wp--preset--spacing--30)\">\n<div class=\"wp-block-column is-vertically-aligned-center is-layout-flow wp-container-core-column-is-layout-22223934 wp-block-column-is-layout-flow\" style=\"flex-basis:45%\">\n<p class=\"has-medium-font-size\">As a member of <strong><em>Colloque des Claviers<\/em> <\/strong>ensemble, along with<strong> Aleksandra Gawro\u0144ska-Kozie\u0142<\/strong> he performs in instrumental combinations which cover the entire keyboard instruments spectrum, including <strong>Organ Duet, Piano Duet and Piano &amp; Organ.<\/strong> In 2022 they won<strong> 1st prize <\/strong>during the <em>Concours Gaston Litaize 2022<\/em> in Saint-Maur-des-Foss\u00e9s in France, <strong>4th prize<\/strong> during the International BTHVN Wien Competition 2022 in category \u201censemble\u201d and in 2021 they won <strong>1st prize <\/strong>in category \u201censemble\u201d during The 5th International Moscow Music Competition.&nbsp;<\/p>\n\n\n\n<p class=\"has-medium-font-size\">Apart from performing activities, Mariusz is also a composer. His pieces have won awards, e.g. during the 6th Polish Composition Competition in Wejherowo in 2019 (<strong>1st prize<\/strong>) and during the 5th International Composition Competition<em> Fide et Amore<\/em> in \u017bory (Poland) in 2020 (<strong>distinction diploma<\/strong>). The first publication of his pieces is currently in preparation.<\/p>\n<\/div>\n\n\n\n<div class=\"wp-block-column is-vertically-aligned-center is-layout-flow wp-block-column-is-layout-flow\">\n<figure class=\"wp-block-image size-large has-custom-border\"><img loading=\"lazy\" decoding=\"async\" width=\"1024\" height=\"684\" src=\"https:\/\/mariuszkoziel.pl\/wp-content\/uploads\/2025\/07\/DSC_1176-1024x684.jpg\" alt=\"\" class=\"wp-image-103\" style=\"border-width:1px;box-shadow:var(--wp--preset--shadow--natural)\" srcset=\"https:\/\/mariuszkoziel.pl\/wp-content\/uploads\/2025\/07\/DSC_1176-1024x684.jpg 1024w, https:\/\/mariuszkoziel.pl\/wp-content\/uploads\/2025\/07\/DSC_1176-300x200.jpg 300w, https:\/\/mariuszkoziel.pl\/wp-content\/uploads\/2025\/07\/DSC_1176-768x513.jpg 768w, https:\/\/mariuszkoziel.pl\/wp-content\/uploads\/2025\/07\/DSC_1176-1536x1025.jpg 1536w, https:\/\/mariuszkoziel.pl\/wp-content\/uploads\/2025\/07\/DSC_1176-2048x1367.jpg 2048w\" sizes=\"auto, (max-width: 1024px) 100vw, 1024px\" \/><figcaption class=\"wp-element-caption\">fot. Magdalena Ha\u0142as<\/figcaption><\/figure>\n<\/div>\n<\/div>\n","protected":false},"excerpt":{"rendered":"<p>Mariusz Kozie\u0142 started his organ studies in 2017 at the Karol Szymanowski Academy of Music in Katowice (Poland) in prof. Witold Zaborny\u2019s class. He obtained a bachelor\u2019s degree in 2020 and in 2022 a master\u2019s degree diploma with distinction in Krzysztof Lukas\u2019 organ class. In September 2024 Mariusz Kozie\u0142 began his studies in Codarts in [&hellip;]<\/p>\n","protected":false},"author":1,"featured_media":0,"parent":0,"menu_order":0,"comment_status":"closed","ping_status":"closed","template":"","meta":{"footnotes":""},"class_list":["post-61","page","type-page","status-publish","hentry"],"featured_image_src":null,"_links":{"self":[{"href":"https:\/\/mariuszkoziel.pl\/index.php\/wp-json\/wp\/v2\/pages\/61","targetHints":{"allow":["GET"]}}],"collection":[{"href":"https:\/\/mariuszkoziel.pl\/index.php\/wp-json\/wp\/v2\/pages"}],"about":[{"href":"https:\/\/mariuszkoziel.pl\/index.php\/wp-json\/wp\/v2\/types\/page"}],"author":[{"embeddable":true,"href":"https:\/\/mariuszkoziel.pl\/index.php\/wp-json\/wp\/v2\/users\/1"}],"replies":[{"embeddable":true,"href":"https:\/\/mariuszkoziel.pl\/index.php\/wp-json\/wp\/v2\/comments?post=61"}],"version-history":[{"count":14,"href":"https:\/\/mariuszkoziel.pl\/index.php\/wp-json\/wp\/v2\/pages\/61\/revisions"}],"predecessor-version":[{"id":215,"href":"https:\/\/mariuszkoziel.pl\/index.php\/wp-json\/wp\/v2\/pages\/61\/revisions\/215"}],"wp:attachment":[{"href":"https:\/\/mariuszkoziel.pl\/index.php\/wp-json\/wp\/v2\/media?parent=61"}],"curies":[{"name":"wp","href":"https:\/\/api.w.org\/{rel}","templated":true}]}}