{"id":80,"date":"2025-07-21T17:13:43","date_gmt":"2025-07-21T17:13:43","guid":{"rendered":"https:\/\/mariuszkoziel.pl\/?page_id=80"},"modified":"2025-08-04T17:30:54","modified_gmt":"2025-08-04T17:30:54","slug":"zyciorys","status":"publish","type":"page","link":"https:\/\/mariuszkoziel.pl\/index.php\/zyciorys\/","title":{"rendered":"\u017byciorys"},"content":{"rendered":"<div style=\"gap: 20px;\" class=\"align-button-right ub-buttons orientation-button-row ub-flex-wrap wp-block-ub-button\" id=\"ub-button-913f1e7b-4b09-44f5-9efe-26687eae0d0e\"><div class=\"ub-button-container\">\n\t\t\t<a href=\"https:\/\/mariuszkoziel.pl\/index.php\/bio\/\" target=\"_self\" class=\"ub-button-block-main   ub-button-flex\" role=\"button\" style=\"--ub-button-background-color: #7d480780; --ub-button-color: #ffffff; --ub-button-border: none; --ub-button-hover-background-color: #7d4807; --ub-button-hover-color: #ffffff; --ub-button-hover-border: none; font-size: 17px; padding-top: 10px; padding-right: 10px; padding-bottom: 10px; padding-left: 10px; border-top-left-radius: 100px;; border-top-right-radius: 100px;; border-bottom-left-radius: 100px;; border-bottom-right-radius: 100px;; \">\n\t\t\t\t<div class=\"ub-button-content-holder\" style=\"flex-direction: row\">\n\t\t\t\t\t<span class=\"ub-button-block-btn\">ENG<\/span>\n\t\t\t\t<\/div>\n\t\t\t<\/a>\n\t\t<\/div><\/div>\n\n\n<div class=\"wp-block-columns is-style-default has-background has-small-font-size is-layout-flex wp-container-core-columns-is-layout-c8bf6435 wp-block-columns-is-layout-flex\" style=\"background-color:#7d470740;padding-right:var(--wp--preset--spacing--30);padding-left:var(--wp--preset--spacing--30)\">\n<div class=\"wp-block-column is-vertically-aligned-center is-layout-flow wp-container-core-column-is-layout-22223934 wp-block-column-is-layout-flow\" style=\"flex-basis:45%\">\n<p class=\"has-medium-font-size\"><strong>Mariusz Kozie\u0142<\/strong> rozpocz\u0105\u0142 studia w 2017 roku w <strong>Akademii Muzycznej im. Karola Szymanowskiego w Katowicach <\/strong>w klasie organ\u00f3w dra hab. Witolda Zabornego, prof. AM. Uko\u0144czy\u0142 studia licencjackie w 2020 roku, a w 2022 <strong>uko\u0144czy\u0142 z wyr\u00f3\u017cnieniem studia magisterskie<\/strong> w klasie organ\u00f3w dra hab. Krzysztofa Lukasa. We wrze\u015bniu 2024 roku Mariusz Kozie\u0142 rozpocz\u0105\u0142 studia w<strong> Codarts w Rotterdamie (Holandia)<\/strong> w klasie organ\u00f3w prof. Zuzany Ferjen\u010d\u00edkovej. Udoskonala\u0142 swoje umiej\u0119tno\u015bci podczas <strong>kurs\u00f3w mistrzowskich w zakresie interpretacji i improwizacji<\/strong> m.in. z Leonem Berbenem, Franzem Danksagm\u00fcllerem, Pieterem van Dijkiem, Thierrym Escaichem, Julianem Gembalskim, Lorenzo Ghielmim, Thomasem Lac\u00f4te, Giampaolo di Ros\u0105 oraz Danielem Rothem.<\/p>\n<\/div>\n\n\n\n<div class=\"wp-block-column is-vertically-aligned-center is-layout-flow wp-block-column-is-layout-flow\">\n<figure class=\"wp-block-image size-large has-custom-border\"><img loading=\"lazy\" decoding=\"async\" width=\"1024\" height=\"683\" src=\"https:\/\/mariuszkoziel.pl\/wp-content\/uploads\/2025\/07\/250406-Junior-organist-in-residence-Mariusz-Koziel-Pieterskerk-Leiden-Fotograaf-Claudia-Claas-8-1024x683.jpg\" alt=\"\" class=\"wp-image-62\" style=\"border-width:1px;box-shadow:var(--wp--preset--shadow--natural)\" srcset=\"https:\/\/mariuszkoziel.pl\/wp-content\/uploads\/2025\/07\/250406-Junior-organist-in-residence-Mariusz-Koziel-Pieterskerk-Leiden-Fotograaf-Claudia-Claas-8-1024x683.jpg 1024w, https:\/\/mariuszkoziel.pl\/wp-content\/uploads\/2025\/07\/250406-Junior-organist-in-residence-Mariusz-Koziel-Pieterskerk-Leiden-Fotograaf-Claudia-Claas-8-300x200.jpg 300w, https:\/\/mariuszkoziel.pl\/wp-content\/uploads\/2025\/07\/250406-Junior-organist-in-residence-Mariusz-Koziel-Pieterskerk-Leiden-Fotograaf-Claudia-Claas-8-768x512.jpg 768w, https:\/\/mariuszkoziel.pl\/wp-content\/uploads\/2025\/07\/250406-Junior-organist-in-residence-Mariusz-Koziel-Pieterskerk-Leiden-Fotograaf-Claudia-Claas-8-1536x1024.jpg 1536w, https:\/\/mariuszkoziel.pl\/wp-content\/uploads\/2025\/07\/250406-Junior-organist-in-residence-Mariusz-Koziel-Pieterskerk-Leiden-Fotograaf-Claudia-Claas-8-2048x1365.jpg 2048w\" sizes=\"auto, (max-width: 1024px) 100vw, 1024px\" \/><figcaption class=\"wp-element-caption\">Fot. Claudia Claas @ Valetti<\/figcaption><\/figure>\n<\/div>\n<\/div>\n\n\n\n<div class=\"wp-block-columns is-style-default has-base-background-color has-background has-small-font-size is-layout-flex wp-container-core-columns-is-layout-cde458f6 wp-block-columns-is-layout-flex\" style=\"padding-top:var(--wp--preset--spacing--20);padding-right:var(--wp--preset--spacing--30);padding-bottom:var(--wp--preset--spacing--20);padding-left:var(--wp--preset--spacing--30)\">\n<div class=\"wp-block-column is-vertically-aligned-center is-layout-flow wp-block-column-is-layout-flow\">\n<figure class=\"wp-block-image size-large has-custom-border\"><img loading=\"lazy\" decoding=\"async\" width=\"1024\" height=\"768\" src=\"https:\/\/mariuszkoziel.pl\/wp-content\/uploads\/2025\/07\/IMG_4604-1024x768.jpeg\" alt=\"\" class=\"wp-image-105\" style=\"border-width:1px;box-shadow:var(--wp--preset--shadow--natural)\" srcset=\"https:\/\/mariuszkoziel.pl\/wp-content\/uploads\/2025\/07\/IMG_4604-1024x768.jpeg 1024w, https:\/\/mariuszkoziel.pl\/wp-content\/uploads\/2025\/07\/IMG_4604-300x225.jpeg 300w, https:\/\/mariuszkoziel.pl\/wp-content\/uploads\/2025\/07\/IMG_4604-768x576.jpeg 768w, https:\/\/mariuszkoziel.pl\/wp-content\/uploads\/2025\/07\/IMG_4604-1536x1152.jpeg 1536w, https:\/\/mariuszkoziel.pl\/wp-content\/uploads\/2025\/07\/IMG_4604-2048x1536.jpeg 2048w\" sizes=\"auto, (max-width: 1024px) 100vw, 1024px\" \/><figcaption class=\"wp-element-caption\">fot. Aleksandra Gawro\u0144ska-Kozie\u0142<\/figcaption><\/figure>\n<\/div>\n\n\n\n<div class=\"wp-block-column is-vertically-aligned-center is-layout-flow wp-container-core-column-is-layout-22223934 wp-block-column-is-layout-flow\" style=\"flex-basis:45%\">\n<p class=\"has-medium-font-size\">Od wrze\u015bnia 2025 roku, w zwi\u0105zku z wygran\u0105 w konkursie, Mariusz Kozie\u0142 obejmie stanowisko <em><strong>Junior Organist-in-Residence<\/strong><\/em> w Pieterskerk w Lejdzie.<\/p>\n\n\n\n<p class=\"has-medium-font-size\"><br>Wzi\u0105\u0142 udzia\u0142 w wielu konkursach organowych. Do jego osi\u0105gni\u0119\u0107 nale\u017c\u0105 m.in:<strong> III miejsce<\/strong> na konkursie Rijnmond Muziekprijs w Rhoon (Holandia) w 2025 r., <strong>I miejsce <\/strong>na Konkursie Improwizacji podczas 21st Petr Eben International Organ Competition w Opavie (Czechy) w 2022 r.,<strong> II miejsce <\/strong>w Konkursie Interpretacji podczas XI Mi\u0119dzynarodowego Konkursu Muzyki Organowej im. Jana Pieterszoona Sweelincka w Gda\u0144sku w 2021 r., <strong>III miejsce<\/strong> podczas VII Akademickiego Konkursu Organowego <em>Romuald Sroczy\u0144ski in memoriam<\/em> w Poznaniu w 2020 r. oraz<strong> I miejsce <\/strong>podczas Konkursu Muzyki Organowej podczas XXX Mi\u0119dzynarodowego Konkursu Muzyki Religijnej w Rumi w 2018 r.<\/p>\n\n\n\n<p class=\"has-medium-font-size\">W 2025 roku zosta\u0142 laureatem <strong>presti\u017cowego stypendium <em>M\u0142oda Polska<\/em><\/strong>, przyznawanego przez <strong>Ministerstwo Kultury i Dziedzictwa Narodowego<\/strong>.<\/p>\n<\/div>\n<\/div>\n\n\n\n<div class=\"wp-block-columns is-style-default has-background has-small-font-size is-layout-flex wp-container-core-columns-is-layout-c8bf6435 wp-block-columns-is-layout-flex\" style=\"background-color:#7d470740;padding-right:var(--wp--preset--spacing--30);padding-left:var(--wp--preset--spacing--30)\">\n<div class=\"wp-block-column is-vertically-aligned-center is-layout-flow wp-container-core-column-is-layout-22223934 wp-block-column-is-layout-flow\" style=\"flex-basis:45%\">\n<p class=\"has-medium-font-size\">Jako cz\u0142onek zespo\u0142u<strong> <em>Colloque des Claviers<\/em><\/strong>, wraz z <strong>Aleksandr\u0105 Gawro\u0144sk\u0105-Kozie\u0142<\/strong> wykonuje muzyk\u0119 przeznaczon\u0105 na r\u00f3\u017cne kombinacje instrument\u00f3w klawiszowych:<strong> duet organowy, duet fortepianowy<\/strong> oraz <strong>duet organy-fortepian<\/strong>. W 2022 zdobyli <strong>I miejsce <\/strong>podczas <em>Concours Gaston Litaize 2022<\/em> w Saint-Maur-des-Foss\u00e9s (Francja), <strong>IV miejsce<\/strong> na konkursie International BTHVN Wien Competition 2022 w kategorii \u201czespo\u0142y\u201d, a tak\u017ce <strong>I miejsce <\/strong>w kategorii \u201czespo\u0142y&#8221; podczas The 5th International Moscow Music Competition w 2021.&nbsp;<br><\/p>\n\n\n\n<p class=\"has-medium-font-size\">Opr\u00f3cz dzia\u0142alno\u015bci wykonawczej, Mariusz jest tak\u017ce kompozytorem. Jego utwory zosta\u0142y wyr\u00f3\u017cnione, m.in. podczas VI Og\u00f3lnopolskiego Konkursu Kompozytorskiego na ch\u00f3ralny utw\u00f3r pasyjny do tekstu w j\u0119zyku kaszubskim w Wejherowie (<strong>I miejsce<\/strong>) oraz podczas V Mi\u0119dzynarodowego Konkursu Kompozytorskiego <em>Fide et Amore<\/em> w \u017borach (<strong>wyr\u00f3\u017cnienie<\/strong>). Pierwsza publikacja jego dzie\u0142 jest w przygotowaniu.<\/p>\n<\/div>\n\n\n\n<div class=\"wp-block-column is-vertically-aligned-center is-layout-flow wp-block-column-is-layout-flow\">\n<figure class=\"wp-block-image size-large has-custom-border\"><img loading=\"lazy\" decoding=\"async\" width=\"1024\" height=\"684\" src=\"https:\/\/mariuszkoziel.pl\/wp-content\/uploads\/2025\/07\/DSC_1176-1024x684.jpg\" alt=\"\" class=\"wp-image-103\" style=\"border-width:1px;box-shadow:var(--wp--preset--shadow--natural)\" srcset=\"https:\/\/mariuszkoziel.pl\/wp-content\/uploads\/2025\/07\/DSC_1176-1024x684.jpg 1024w, https:\/\/mariuszkoziel.pl\/wp-content\/uploads\/2025\/07\/DSC_1176-300x200.jpg 300w, https:\/\/mariuszkoziel.pl\/wp-content\/uploads\/2025\/07\/DSC_1176-768x513.jpg 768w, https:\/\/mariuszkoziel.pl\/wp-content\/uploads\/2025\/07\/DSC_1176-1536x1025.jpg 1536w, https:\/\/mariuszkoziel.pl\/wp-content\/uploads\/2025\/07\/DSC_1176-2048x1367.jpg 2048w\" sizes=\"auto, (max-width: 1024px) 100vw, 1024px\" \/><figcaption class=\"wp-element-caption\">fot. Magdalena Ha\u0142as<\/figcaption><\/figure>\n<\/div>\n<\/div>\n","protected":false},"excerpt":{"rendered":"<p>Mariusz Kozie\u0142 rozpocz\u0105\u0142 studia w 2017 roku w Akademii Muzycznej im. Karola Szymanowskiego w Katowicach w klasie organ\u00f3w dra hab. Witolda Zabornego, prof. AM. Uko\u0144czy\u0142 studia licencjackie w 2020 roku, a w 2022 uko\u0144czy\u0142 z wyr\u00f3\u017cnieniem studia magisterskie w klasie organ\u00f3w dra hab. Krzysztofa Lukasa. We wrze\u015bniu 2024 roku Mariusz Kozie\u0142 rozpocz\u0105\u0142 studia w Codarts [&hellip;]<\/p>\n","protected":false},"author":1,"featured_media":0,"parent":0,"menu_order":0,"comment_status":"closed","ping_status":"closed","template":"","meta":{"footnotes":""},"class_list":["post-80","page","type-page","status-publish","hentry"],"featured_image_src":null,"_links":{"self":[{"href":"https:\/\/mariuszkoziel.pl\/index.php\/wp-json\/wp\/v2\/pages\/80","targetHints":{"allow":["GET"]}}],"collection":[{"href":"https:\/\/mariuszkoziel.pl\/index.php\/wp-json\/wp\/v2\/pages"}],"about":[{"href":"https:\/\/mariuszkoziel.pl\/index.php\/wp-json\/wp\/v2\/types\/page"}],"author":[{"embeddable":true,"href":"https:\/\/mariuszkoziel.pl\/index.php\/wp-json\/wp\/v2\/users\/1"}],"replies":[{"embeddable":true,"href":"https:\/\/mariuszkoziel.pl\/index.php\/wp-json\/wp\/v2\/comments?post=80"}],"version-history":[{"count":8,"href":"https:\/\/mariuszkoziel.pl\/index.php\/wp-json\/wp\/v2\/pages\/80\/revisions"}],"predecessor-version":[{"id":216,"href":"https:\/\/mariuszkoziel.pl\/index.php\/wp-json\/wp\/v2\/pages\/80\/revisions\/216"}],"wp:attachment":[{"href":"https:\/\/mariuszkoziel.pl\/index.php\/wp-json\/wp\/v2\/media?parent=80"}],"curies":[{"name":"wp","href":"https:\/\/api.w.org\/{rel}","templated":true}]}}